{"id":944,"date":"2023-04-05T16:32:26","date_gmt":"2023-04-05T16:32:26","guid":{"rendered":"https:\/\/www.cmcerda.com\/wordpress\/?page_id=944"},"modified":"2023-04-27T08:59:41","modified_gmt":"2023-04-27T08:59:41","slug":"carnet-internacional","status":"publish","type":"page","link":"https:\/\/www.cmcerda.com\/wordpress\/carnet-internacional\/","title":{"rendered":"Carnet Internacional"},"content":{"rendered":"\n<p>Tramitamos el carnet internacional para que puedas conducir c\u00f3modamente<br>durante tus viajes y en los pa\u00edses donde se precise.<br>\u00danicamente necesitaremos tu carnet de identidad, permiso de conducir en vigor y<br>una fotograf\u00eda tipo carnet (podemos realizarla en nuestras instalaciones)<\/p>\n","protected":false},"excerpt":{"rendered":"<p>Tramitamos el carnet internacional para que puedas conducir c\u00f3modamentedurante tus viajes y en los pa\u00edses donde se precise.\u00danicamente necesitaremos tu carnet de identidad, permiso de conducir en vigor yuna fotograf\u00eda tipo carnet (podemos realizarla en nuestras instalaciones)<\/p>\n","protected":false},"author":1,"featured_media":0,"parent":0,"menu_order":0,"comment_status":"closed","ping_status":"closed","template":"","meta":{"om_disable_all_campaigns":false,"_mi_skip_tracking":false,"footnotes":""},"class_list":["post-944","page","type-page","status-publish","hentry"],"aioseo_notices":[],"_links":{"self":[{"href":"https:\/\/www.cmcerda.com\/wordpress\/wp-json\/wp\/v2\/pages\/944","targetHints":{"allow":["GET"]}}],"collection":[{"href":"https:\/\/www.cmcerda.com\/wordpress\/wp-json\/wp\/v2\/pages"}],"about":[{"href":"https:\/\/www.cmcerda.com\/wordpress\/wp-json\/wp\/v2\/types\/page"}],"author":[{"embeddable":true,"href":"https:\/\/www.cmcerda.com\/wordpress\/wp-json\/wp\/v2\/users\/1"}],"replies":[{"embeddable":true,"href":"https:\/\/www.cmcerda.com\/wordpress\/wp-json\/wp\/v2\/comments?post=944"}],"version-history":[{"count":2,"href":"https:\/\/www.cmcerda.com\/wordpress\/wp-json\/wp\/v2\/pages\/944\/revisions"}],"predecessor-version":[{"id":1507,"href":"https:\/\/www.cmcerda.com\/wordpress\/wp-json\/wp\/v2\/pages\/944\/revisions\/1507"}],"wp:attachment":[{"href":"https:\/\/www.cmcerda.com\/wordpress\/wp-json\/wp\/v2\/media?parent=944"}],"curies":[{"name":"wp","href":"https:\/\/api.w.org\/{rel}","templated":true}]}}